{"id":85430,"date":"2018-05-02T15:00:16","date_gmt":"2018-05-02T13:00:16","guid":{"rendered":"http:\/\/www.museodeltessuto.it\/drappi-oro-seta\/"},"modified":"2021-11-01T10:08:52","modified_gmt":"2021-11-01T09:08:52","slug":"cloths-gold-silk","status":"publish","type":"page","link":"https:\/\/www.museodeltessuto.it\/en\/exhibitions\/cloths-gold-silk\/","title":{"rendered":"Cloths of gold and silk. Textiles for the Renaissance courts of Europe."},"content":{"rendered":"<div class=\"wpb-content-wrapper\"><p>[vc_row row_height_percent=&#8221;50&#8243; override_padding=&#8221;yes&#8221; h_padding=&#8221;2&#8243; top_padding=&#8221;5&#8243; bottom_padding=&#8221;5&#8243; back_image=&#8221;84790&#8243; back_image_auto=&#8221;yes&#8221; parallax=&#8221;yes&#8221; kburns=&#8221;yes&#8221; overlay_color=&#8221;color-wayh&#8221; overlay_alpha=&#8221;35&#8243; equal_height=&#8221;yes&#8221; gutter_size=&#8221;3&#8243; column_width_percent=&#8221;100&#8243; shift_y=&#8221;0&#8243; z_index=&#8221;0&#8243; uncode_shortcode_id=&#8221;152896&#8243; overlay_color_type=&#8221;uncode-palette&#8221;][vc_column column_width_percent=&#8221;100&#8243; position_vertical=&#8221;bottom&#8221; gutter_size=&#8221;4&#8243; style=&#8221;dark&#8221; overlay_alpha=&#8221;50&#8243; shift_x=&#8221;0&#8243; shift_y=&#8221;0&#8243; shift_y_down=&#8221;0&#8243; z_index=&#8221;0&#8243; medium_width=&#8221;0&#8243; mobile_width=&#8221;0&#8243; css_animation=&#8221;alpha-anim&#8221; width=&#8221;1\/1&#8243;][vc_row_inner][vc_column_inner column_width_percent=&#8221;100&#8243; gutter_size=&#8221;4&#8243; style=&#8221;dark&#8221; overlay_alpha=&#8221;50&#8243; shift_x=&#8221;0&#8243; shift_y=&#8221;0&#8243; shift_y_down=&#8221;0&#8243; z_index=&#8221;0&#8243; align_medium=&#8221;align_center_tablet&#8221; medium_width=&#8221;0&#8243; align_mobile=&#8221;align_center_mobile&#8221; mobile_width=&#8221;0&#8243; width=&#8221;1\/2&#8243;][vc_custom_heading auto_text=&#8221;yes&#8221; heading_semantic=&#8221;h1&#8243; text_size=&#8221;fontsize-50&#8243; text_weight=&#8221;400&#8243;]Automatic Heading Text[\/vc_custom_heading][\/vc_column_inner][vc_column_inner column_width_percent=&#8221;100&#8243; position_vertical=&#8221;bottom&#8221; align_horizontal=&#8221;align_right&#8221; gutter_size=&#8221;3&#8243; style=&#8221;dark&#8221; overlay_alpha=&#8221;50&#8243; shift_x=&#8221;0&#8243; shift_y=&#8221;0&#8243; shift_y_down=&#8221;0&#8243; z_index=&#8221;0&#8243; medium_visibility=&#8221;yes&#8221; align_medium=&#8221;align_center_tablet&#8221; medium_width=&#8221;0&#8243; mobile_visibility=&#8221;yes&#8221; align_mobile=&#8221;align_center_mobile&#8221; mobile_width=&#8221;0&#8243; width=&#8221;1\/2&#8243;][\/vc_column_inner][\/vc_row_inner][vc_row_inner row_inner_height_percent=&#8221;0&#8243; overlay_alpha=&#8221;50&#8243; equal_height=&#8221;yes&#8221; gutter_size=&#8221;3&#8243; shift_y=&#8221;0&#8243; z_index=&#8221;0&#8243;][vc_column_inner column_width_percent=&#8221;100&#8243; position_vertical=&#8221;middle&#8221; gutter_size=&#8221;4&#8243; style=&#8221;dark&#8221; overlay_alpha=&#8221;50&#8243; shift_x=&#8221;0&#8243; shift_y=&#8221;0&#8243; shift_y_down=&#8221;0&#8243; z_index=&#8221;0&#8243; align_medium=&#8221;align_center_tablet&#8221; medium_width=&#8221;0&#8243; align_mobile=&#8221;align_center_mobile&#8221; mobile_width=&#8221;0&#8243; width=&#8221;2\/3&#8243;][vc_custom_heading text_size=&#8221;h3&#8243; text_weight=&#8221;300&#8243; uncode_shortcode_id=&#8221;739159&#8243;]25 maggio 2018 &#8211;\u00a0 2 gennaio 2019<\/p>\n<div id=\"gtx-trans\" style=\"position: absolute; left: -29px; top: 33px;\">\n<div class=\"gtx-trans-icon\"><\/div>\n<\/div>\n<p>[\/vc_custom_heading][\/vc_column_inner][vc_column_inner column_width_percent=&#8221;100&#8243; position_vertical=&#8221;middle&#8221; align_horizontal=&#8221;align_right&#8221; gutter_size=&#8221;3&#8243; style=&#8221;dark&#8221; overlay_alpha=&#8221;50&#8243; shift_x=&#8221;0&#8243; shift_y=&#8221;0&#8243; shift_y_down=&#8221;0&#8243; z_index=&#8221;0&#8243; align_medium=&#8221;align_center_tablet&#8221; medium_width=&#8221;0&#8243; align_mobile=&#8221;align_center_mobile&#8221; mobile_width=&#8221;0&#8243; width=&#8221;1\/3&#8243;][\/vc_column_inner][\/vc_row_inner][\/vc_column][\/vc_row][vc_row row_height_percent=&#8221;0&#8243; override_padding=&#8221;yes&#8221; h_padding=&#8221;2&#8243; top_padding=&#8221;3&#8243; bottom_padding=&#8221;3&#8243; overlay_alpha=&#8221;100&#8243; gutter_size=&#8221;3&#8243; shift_y=&#8221;0&#8243; row_height_use_pixel=&#8221;&#8221;][vc_column column_width_use_pixel=&#8221;yes&#8221; gutter_size=&#8221;3&#8243; overlay_alpha=&#8221;50&#8243; shift_x=&#8221;0&#8243; shift_y=&#8221;0&#8243; medium_width=&#8221;0&#8243; zoom_width=&#8221;0&#8243; zoom_height=&#8221;0&#8243; column_width_pixel=&#8221;800&#8243;][vc_column_text el_class=&#8221;title-h3&#8243; uncode_shortcode_id=&#8221;776181&#8243;]<\/p>\n<h3 class=\"title-h3\">La mostra valorizza la <b>ricchissima collezione di tessuti rinascimentali del Museo<\/b>. Il percorso illustra l\u2019evoluzione delle produzioni tessili di lusso tra Quattro e Cinquecento, con oltre 120 esemplari \u2013 molti dei quali mai esposti prima al pubblico e restaurati appositamente per l\u2019occasione dal Laboratorio di Restauro interno al museo La Tela di Penelope.<\/h3>\n<p>[\/vc_column_text][vc_column_text uncode_shortcode_id=&#8221;160092&#8243;]Il viaggio tra i tessuti \u00e8 accompagnato dalla riproduzione in grande scala di sei grandi personaggi della vita di corte rinascimentale italiana del periodo, tra cui Bianca Maria Sforza, Elisabetta Gonzaga, Sigismondo Malatesta, Cosimo Primo de\u2019 Medici. Le immagini selezionate illustrano \u2013 attraverso i ritratti realizzati da pittori straordinari come Domenico Ghirlandaio, Piero della Francesca, Raffaello, Tiziano, Alessandro Allori \u2013 le fogge sartoriali in voga allora ed offrono puntuali riscontri ai tessuti in mostra, dando immediata evidenza dell\u2019uso che di quei tessuti cos\u00ec preziosi e costosi veniva fatto a corte.[\/vc_column_text][\/vc_column][\/vc_row][vc_row row_height_percent=&#8221;75&#8243; override_padding=&#8221;yes&#8221; h_padding=&#8221;2&#8243; top_padding=&#8221;0&#8243; bottom_padding=&#8221;0&#8243; back_color=&#8221;color-wayh&#8221; back_image=&#8221;84790&#8243; back_position=&#8221;center top&#8221; parallax=&#8221;yes&#8221; overlay_color=&#8221;color-wayh&#8221; overlay_alpha=&#8221;6&#8243; gutter_size=&#8221;3&#8243; column_width_percent=&#8221;100&#8243; shift_y=&#8221;0&#8243; z_index=&#8221;0&#8243; row_height_use_pixel=&#8221;&#8221; uncode_shortcode_id=&#8221;204111&#8243; back_color_type=&#8221;uncode-palette&#8221; overlay_color_type=&#8221;uncode-palette&#8221;][vc_column column_width_percent=&#8221;100&#8243; position_vertical=&#8221;middle&#8221; align_horizontal=&#8221;align_center&#8221; gutter_size=&#8221;3&#8243; override_padding=&#8221;yes&#8221; column_padding=&#8221;2&#8243; style=&#8221;dark&#8221; overlay_alpha=&#8221;50&#8243; shift_x=&#8221;0&#8243; shift_y=&#8221;0&#8243; medium_width=&#8221;0&#8243; zoom_width=&#8221;0&#8243; zoom_height=&#8221;0&#8243; width=&#8221;1\/1&#8243;][\/vc_column][\/vc_row][vc_row unlock_row=&#8221;&#8221; row_height_percent=&#8221;0&#8243; override_padding=&#8221;yes&#8221; h_padding=&#8221;2&#8243; top_padding=&#8221;3&#8243; bottom_padding=&#8221;2&#8243; overlay_alpha=&#8221;100&#8243; gutter_size=&#8221;3&#8243; shift_y=&#8221;0&#8243; row_height_use_pixel=&#8221;&#8221;][vc_column column_width_use_pixel=&#8221;yes&#8221; gutter_size=&#8221;3&#8243; overlay_alpha=&#8221;50&#8243; shift_x=&#8221;0&#8243; shift_y=&#8221;0&#8243; medium_width=&#8221;0&#8243; zoom_width=&#8221;0&#8243; zoom_height=&#8221;0&#8243; column_width_pixel=&#8221;800&#8243;][vc_row_inner row_inner_height_percent=&#8221;0&#8243; back_color=&#8221;color-xsdn&#8221; overlay_alpha=&#8221;50&#8243; equal_height=&#8221;yes&#8221; gutter_size=&#8221;3&#8243; shift_y=&#8221;0&#8243; z_index=&#8221;0&#8243;][vc_column_inner column_width_percent=&#8221;100&#8243; position_vertical=&#8221;middle&#8221; gutter_size=&#8221;3&#8243; overlay_alpha=&#8221;50&#8243; shift_x=&#8221;0&#8243; shift_y=&#8221;0&#8243; shift_y_down=&#8221;0&#8243; z_index=&#8221;0&#8243; medium_width=&#8221;0&#8243; mobile_width=&#8221;0&#8243; width=&#8221;1\/6&#8243;][vc_separator sep_color=&#8221;,Default&#8221;][\/vc_column_inner][vc_column_inner column_width_percent=&#8221;100&#8243; gutter_size=&#8221;3&#8243; overlay_alpha=&#8221;50&#8243; shift_x=&#8221;0&#8243; shift_y=&#8221;0&#8243; shift_y_down=&#8221;0&#8243; z_index=&#8221;0&#8243; medium_width=&#8221;0&#8243; mobile_width=&#8221;0&#8243; width=&#8221;5\/6&#8243;][vc_custom_heading text_color=&#8221;color-prif&#8221; text_size=&#8221;h4&#8243; text_weight=&#8221;400&#8243; uncode_shortcode_id=&#8221;798153&#8243; text_color_type=&#8221;uncode-palette&#8221;]Percorso espositivo[\/vc_custom_heading][\/vc_column_inner][\/vc_row_inner][vc_column_text uncode_shortcode_id=&#8221;178615&#8243;]L\u2019arte della seta, nel Quattrocento e nel Cinquecento, raggiunge in Italia vertici altissimi di qualit\u00e0 tecnica e d\u2019invenzione. Citt\u00e0 mercantili, con attivit\u00e0 commerciali internazionali rodate gi\u00e0 dal periodo medievale, quali Venezia, Milano, Firenze, Lucca, Genova, concentrano la loro economia intorno alla produzione di stoffe di seta come <b>velluti, lampassi, damaschi arricchiti da effetti preziosi in filato metallico d\u2019oro e d\u2019argento<\/b>. La lavorazione di tessuti operati di pregio richiedeva, oltre alla specializzazione in ogni parte del processo, la disponibilit\u00e0 di capitali da investire nelle materie prime \u2013 seta, metalli preziosi, sostanze tintorie \u2013 e la capacit\u00e0 di commercializzare il prodotto nei mercati del lusso di tutta Europa.<\/p>\n<p>Tra i tessili di maggiore eccellenza si distingue il <b>velluto<\/b>, per la cui realizzazione occorreva un ingente quantitativo di seta (cinque volte di pi\u00f9 di un tessuto semplice) oltre all\u2019impiego di filati metallici preziosi. Tra i velluti pi\u00f9 costosi sicuramente spiccano quelli con due o tre altezze di pelo, quelli con tintura in kermes e grana, quelli con trame lanciate e broccate in oro, tutti prodotti normati da una severa legislazione che ne stabiliva la densit\u00e0 dei fili, l\u2019altezza della pezza e l\u2019impiego di determinate sostanze tintorie. Una vera preziosit\u00e0 \u00e8 rappresentata dal <b>velluto Medici<\/b>, un particolare tessuto araldico realizzato appositamente a Firenze per la nobile famiglia, che presenta un motivo a rosetta con al centro le celebri sette (ante XVI sec.) \u201cpalle\u201d medicee rosse su fondo oro.<\/p>\n<p>Un altro \u201ccammeo\u201d delle collezioni del Museo \u00e8 inoltre rappresentato dalla<b> \u201cscarsella\u201d<\/b>, raro esemplare di borsa indossata dagli uomini del tempo attraverso una cintura in vita. Quella del Museo apparteneva probabilmente all\u2019Arte del Cambio di Firenze, la corporazione che soprintendeva al cambio delle valute. Molto particolari i tessuti <b>\u201ca maglia moresca\u201d<\/b>, che trovano corrispondenza nello stile dell\u2019arte islamica espresso negli stucchi delle architetture e nell\u2019ornato dei metalli. Il caso pi\u00f9 conosciuto e prezioso dell\u2019arte tessile \u00e8 lo splendido velluto dell\u2019abito di Eleonora di Toledo dipinto dal Bronzino (1545).<\/p>\n<p>Un aspetto interessante che illustra la mostra \u00e8 la contaminazione dei disegni tra le diverse manifatture, anche con quelle straniere. Tra le principali \u00e8 rappresentata quella di<b> Bursa<\/b>, in Turchia, che dai primi del Quattrocento inizia ad essere conosciuta e apprezzata anche in Europa attraverso la produzione di ricchi velluti.<\/p>\n<p>Numerose e curiose anche le testimonianze dei <b>\u201ctessuti per la casa\u201d<\/b> del periodo: tovaglie, copricuscini \u2013 tra i quali uno di manifattura del Marocco -, manufatti a fibra mista in lino, cotone e lana, tipologia probabilmente impiegati nella funzione di coperte di rivestimento, biancherie di pregio in lino ricamato in seta, tra i quali i <b>\u201cfazzoletti da mano\u201d<\/b>, accessorio indispensabile nella moda del XVI secolo.[\/vc_column_text][\/vc_column][\/vc_row][vc_row unlock_row_content=&#8221;yes&#8221; row_height_percent=&#8221;0&#8243; override_padding=&#8221;yes&#8221; h_padding=&#8221;2&#8243; top_padding=&#8221;2&#8243; bottom_padding=&#8221;2&#8243; back_color=&#8221;color-lxmt&#8221; overlay_alpha=&#8221;50&#8243; equal_height=&#8221;yes&#8221; gutter_size=&#8221;0&#8243; column_width_percent=&#8221;100&#8243; shift_y=&#8221;0&#8243; z_index=&#8221;0&#8243;][vc_column column_width_percent=&#8221;100&#8243; gutter_size=&#8221;4&#8243; override_padding=&#8221;yes&#8221; column_padding=&#8221;3&#8243; overlay_alpha=&#8221;50&#8243; border_color=&#8221;color-gyho&#8221; border_style=&#8221;solid&#8221; shift_x=&#8221;0&#8243; shift_y=&#8221;0&#8243; shift_y_down=&#8221;0&#8243; z_index=&#8221;0&#8243; medium_width=&#8221;0&#8243; mobile_width=&#8221;0&#8243; css_animation=&#8221;alpha-anim&#8221; animation_delay=&#8221;200&#8243; width=&#8221;1\/1&#8243; css=&#8221;.vc_custom_1626101160411{border-right-width: 1px !important;}&#8221;][vc_row_inner row_inner_height_percent=&#8221;0&#8243; overlay_alpha=&#8221;50&#8243; equal_height=&#8221;yes&#8221; gutter_size=&#8221;3&#8243; shift_y=&#8221;0&#8243; z_index=&#8221;0&#8243;][vc_column_inner column_width_percent=&#8221;100&#8243; position_vertical=&#8221;middle&#8221; gutter_size=&#8221;3&#8243; overlay_alpha=&#8221;50&#8243; shift_x=&#8221;0&#8243; shift_y=&#8221;0&#8243; shift_y_down=&#8221;0&#8243; z_index=&#8221;0&#8243; medium_width=&#8221;0&#8243; mobile_width=&#8221;0&#8243; width=&#8221;1\/6&#8243;][vc_separator sep_color=&#8221;,Default&#8221;][\/vc_column_inner][vc_column_inner column_width_percent=&#8221;100&#8243; gutter_size=&#8221;3&#8243; overlay_alpha=&#8221;50&#8243; shift_x=&#8221;0&#8243; shift_y=&#8221;0&#8243; shift_y_down=&#8221;0&#8243; z_index=&#8221;0&#8243; medium_width=&#8221;0&#8243; mobile_width=&#8221;0&#8243; width=&#8221;5\/6&#8243;][vc_custom_heading text_color=&#8221;color-prif&#8221; text_size=&#8221;fontsize-50&#8243; text_weight=&#8221;200&#8243;]Info[\/vc_custom_heading][\/vc_column_inner][\/vc_row_inner][vc_row_inner row_inner_height_percent=&#8221;0&#8243; overlay_alpha=&#8221;50&#8243; gutter_size=&#8221;4&#8243; shift_y=&#8221;0&#8243; z_index=&#8221;0&#8243;][vc_column_inner column_width_percent=&#8221;100&#8243; gutter_size=&#8221;3&#8243; overlay_alpha=&#8221;50&#8243; border_color=&#8221;color-wvjs&#8221; shift_x=&#8221;0&#8243; shift_y=&#8221;0&#8243; shift_y_down=&#8221;0&#8243; z_index=&#8221;0&#8243; medium_width=&#8221;0&#8243; mobile_width=&#8221;0&#8243; width=&#8221;1\/3&#8243; css=&#8221;.vc_custom_1626102705068{border-right-width: 1px !important;}&#8221;][vc_custom_heading text_color=&#8221;color-wvjs&#8221; heading_semantic=&#8221;h3&#8243; text_size=&#8221;h4&#8243; text_transform=&#8221;uppercase&#8221;]Visita[\/vc_custom_heading][vc_column_text uncode_shortcode_id=&#8221;812712&#8243;]Mostra temporanea aperta dal 25 maggio 2018 al 2 gennaio[\/vc_column_text][vc_button size=&#8221;link&#8221; border_width=&#8221;0&#8243; link=&#8221;url:https%3A%2F%2Fwww.museodeltessuto.it%2Forario-biglietti-e-location%2F|title:Orario%2C%20biglietti%20e%20location|&#8221; icon=&#8221;fa fa-arrow-right2&#8243;]Consulta orari, biglietti e location[\/vc_button][vc_button border_width=&#8221;0&#8243; link=&#8221;url:https%3A%2F%2Fecm.coopculture.it%2Findex.php%3Foption%3Dcom_snapp%26view%3Dproducts%26catalogid%3DEC29CDEB-F3F7-7744-3782-01794247D779%26snappTemplate%3Dtemplate3%26lang%3Dit|title:Buy%20your%20tickets|target:_blank|&#8221;]Buy your tickets[\/vc_button][\/vc_column_inner][vc_column_inner width=&#8221;1\/3&#8243;][vc_custom_heading text_color=&#8221;color-wvjs&#8221; heading_semantic=&#8221;h3&#8243; text_size=&#8221;h4&#8243; text_transform=&#8221;uppercase&#8221;]Stampa[\/vc_custom_heading][vc_column_text]<strong><em>Ufficio stampa<\/em>:<\/strong><br \/>\n<strong>Studio Maddalena Torricelli<\/strong><br \/>\nph. 02 76280433<br \/>\n<a href=\"mailto:studio@maddalenatorricelli.com\">studio@maddalenatorricelli.com<\/a>[\/vc_column_text][vc_column_text uncode_shortcode_id=&#8221;266598&#8243;]<strong>Press Kit:<\/strong><br \/>\n<span class=\"button-no-space\">Scarica il comunicato stampa<\/span> (presto online)[\/vc_column_text][\/vc_column_inner][\/vc_row_inner][\/vc_column][\/vc_row]<\/p>\n<\/div>","protected":false},"excerpt":{"rendered":"<h2 class=\"h3 font-weight-300\">May 25, 2018 &#8211;  January 2, 2019<\/h2>\n<p>Over 120 pieces on display illustrate the evolution of luxury textile production between the fifteenth and sixteenth centuries. <\/p>\n","protected":false},"author":2,"featured_media":84791,"parent":86531,"menu_order":0,"comment_status":"closed","ping_status":"closed","template":"","meta":{"om_disable_all_campaigns":false,"_monsterinsights_skip_tracking":false,"_monsterinsights_sitenote_active":false,"_monsterinsights_sitenote_note":"","_monsterinsights_sitenote_category":0,"_uf_show_specific_survey":0,"_uf_disable_surveys":false,"footnotes":""},"class_list":["post-85430","page","type-page","status-publish","has-post-thumbnail","hentry","page_category-mostra-conclusa-en"],"yoast_head":"<!-- This site is optimized with the Yoast SEO plugin v26.8 - https:\/\/yoast.com\/product\/yoast-seo-wordpress\/ -->\n<title>Cloths of gold and silk. Textiles for the Renaissance courts of Europe. - Museo del Tessuto<\/title>\n<meta name=\"description\" content=\"Over 120 pieces on display illustrate the evolution of luxury textile production between the fifteenth and sixteenth centuries.\" \/>\n<meta name=\"robots\" content=\"index, follow, max-snippet:-1, max-image-preview:large, max-video-preview:-1\" \/>\n<link rel=\"canonical\" href=\"https:\/\/www.museodeltessuto.it\/mostre\/drappi-oro-seta\/\" \/>\n<meta property=\"og:locale\" content=\"en_US\" \/>\n<meta property=\"og:type\" content=\"article\" \/>\n<meta property=\"og:title\" content=\"Cloths of gold and silk. Textiles for the Renaissance courts of Europe. - Museo del Tessuto\" \/>\n<meta property=\"og:description\" content=\"Over 120 pieces on display illustrate the evolution of luxury textile production between the fifteenth and sixteenth centuries.\" \/>\n<meta property=\"og:url\" content=\"https:\/\/www.museodeltessuto.it\/mostre\/drappi-oro-seta\/\" \/>\n<meta property=\"og:site_name\" content=\"Museo del Tessuto\" \/>\n<meta property=\"article:modified_time\" content=\"2021-11-01T09:08:52+00:00\" \/>\n<meta property=\"og:image\" content=\"https:\/\/www.museodeltessuto.it\/wp-content\/uploads\/2021\/08\/drappi1.jpg\" \/>\n\t<meta property=\"og:image:width\" content=\"940\" \/>\n\t<meta property=\"og:image:height\" content=\"473\" \/>\n\t<meta property=\"og:image:type\" content=\"image\/jpeg\" \/>\n<meta name=\"twitter:card\" content=\"summary_large_image\" \/>\n<meta name=\"twitter:label1\" content=\"Est. reading time\" \/>\n\t<meta name=\"twitter:data1\" content=\"5 minutes\" \/>\n<script type=\"application\/ld+json\" class=\"yoast-schema-graph\">{\"@context\":\"https:\/\/schema.org\",\"@graph\":[{\"@type\":\"WebPage\",\"@id\":\"https:\/\/www.museodeltessuto.it\/mostre\/drappi-oro-seta\/\",\"url\":\"https:\/\/www.museodeltessuto.it\/mostre\/drappi-oro-seta\/\",\"name\":\"Cloths of gold and silk. Textiles for the Renaissance courts of Europe. - Museo del Tessuto\",\"isPartOf\":{\"@id\":\"https:\/\/www.museodeltessuto.it\/#website\"},\"primaryImageOfPage\":{\"@id\":\"https:\/\/www.museodeltessuto.it\/mostre\/drappi-oro-seta\/#primaryimage\"},\"image\":{\"@id\":\"https:\/\/www.museodeltessuto.it\/mostre\/drappi-oro-seta\/#primaryimage\"},\"thumbnailUrl\":\"https:\/\/www.museodeltessuto.it\/wp-content\/uploads\/2021\/08\/drappi1.jpg\",\"datePublished\":\"2018-05-02T13:00:16+00:00\",\"dateModified\":\"2021-11-01T09:08:52+00:00\",\"description\":\"Over 120 pieces on display illustrate the evolution of luxury textile production between the fifteenth and sixteenth centuries.\",\"breadcrumb\":{\"@id\":\"https:\/\/www.museodeltessuto.it\/mostre\/drappi-oro-seta\/#breadcrumb\"},\"inLanguage\":\"en-US\",\"potentialAction\":[{\"@type\":\"ReadAction\",\"target\":[\"https:\/\/www.museodeltessuto.it\/mostre\/drappi-oro-seta\/\"]}]},{\"@type\":\"ImageObject\",\"inLanguage\":\"en-US\",\"@id\":\"https:\/\/www.museodeltessuto.it\/mostre\/drappi-oro-seta\/#primaryimage\",\"url\":\"https:\/\/www.museodeltessuto.it\/wp-content\/uploads\/2021\/08\/drappi1.jpg\",\"contentUrl\":\"https:\/\/www.museodeltessuto.it\/wp-content\/uploads\/2021\/08\/drappi1.jpg\",\"width\":940,\"height\":473},{\"@type\":\"BreadcrumbList\",\"@id\":\"https:\/\/www.museodeltessuto.it\/mostre\/drappi-oro-seta\/#breadcrumb\",\"itemListElement\":[{\"@type\":\"ListItem\",\"position\":1,\"name\":\"Home\",\"item\":\"https:\/\/www.museodeltessuto.it\/en\/\"},{\"@type\":\"ListItem\",\"position\":2,\"name\":\"Exhibitions\",\"item\":\"https:\/\/www.museodeltessuto.it\/en\/exhibitions\/\"},{\"@type\":\"ListItem\",\"position\":3,\"name\":\"Cloths of gold and silk. Textiles for the Renaissance courts of Europe.\"}]},{\"@type\":\"WebSite\",\"@id\":\"https:\/\/www.museodeltessuto.it\/#website\",\"url\":\"https:\/\/www.museodeltessuto.it\/\",\"name\":\"Museo del Tessuto\",\"description\":\"Prato e la tradizione tessile\",\"potentialAction\":[{\"@type\":\"SearchAction\",\"target\":{\"@type\":\"EntryPoint\",\"urlTemplate\":\"https:\/\/www.museodeltessuto.it\/?s={search_term_string}\"},\"query-input\":{\"@type\":\"PropertyValueSpecification\",\"valueRequired\":true,\"valueName\":\"search_term_string\"}}],\"inLanguage\":\"en-US\"}]}<\/script>\n<!-- \/ Yoast SEO plugin. -->","yoast_head_json":{"title":"Cloths of gold and silk. Textiles for the Renaissance courts of Europe. - Museo del Tessuto","description":"Over 120 pieces on display illustrate the evolution of luxury textile production between the fifteenth and sixteenth centuries.","robots":{"index":"index","follow":"follow","max-snippet":"max-snippet:-1","max-image-preview":"max-image-preview:large","max-video-preview":"max-video-preview:-1"},"canonical":"https:\/\/www.museodeltessuto.it\/mostre\/drappi-oro-seta\/","og_locale":"en_US","og_type":"article","og_title":"Cloths of gold and silk. Textiles for the Renaissance courts of Europe. - Museo del Tessuto","og_description":"Over 120 pieces on display illustrate the evolution of luxury textile production between the fifteenth and sixteenth centuries.","og_url":"https:\/\/www.museodeltessuto.it\/mostre\/drappi-oro-seta\/","og_site_name":"Museo del Tessuto","article_modified_time":"2021-11-01T09:08:52+00:00","og_image":[{"width":940,"height":473,"url":"https:\/\/www.museodeltessuto.it\/wp-content\/uploads\/2021\/08\/drappi1.jpg","type":"image\/jpeg"}],"twitter_card":"summary_large_image","twitter_misc":{"Est. reading time":"5 minutes"},"schema":{"@context":"https:\/\/schema.org","@graph":[{"@type":"WebPage","@id":"https:\/\/www.museodeltessuto.it\/mostre\/drappi-oro-seta\/","url":"https:\/\/www.museodeltessuto.it\/mostre\/drappi-oro-seta\/","name":"Cloths of gold and silk. Textiles for the Renaissance courts of Europe. - Museo del Tessuto","isPartOf":{"@id":"https:\/\/www.museodeltessuto.it\/#website"},"primaryImageOfPage":{"@id":"https:\/\/www.museodeltessuto.it\/mostre\/drappi-oro-seta\/#primaryimage"},"image":{"@id":"https:\/\/www.museodeltessuto.it\/mostre\/drappi-oro-seta\/#primaryimage"},"thumbnailUrl":"https:\/\/www.museodeltessuto.it\/wp-content\/uploads\/2021\/08\/drappi1.jpg","datePublished":"2018-05-02T13:00:16+00:00","dateModified":"2021-11-01T09:08:52+00:00","description":"Over 120 pieces on display illustrate the evolution of luxury textile production between the fifteenth and sixteenth centuries.","breadcrumb":{"@id":"https:\/\/www.museodeltessuto.it\/mostre\/drappi-oro-seta\/#breadcrumb"},"inLanguage":"en-US","potentialAction":[{"@type":"ReadAction","target":["https:\/\/www.museodeltessuto.it\/mostre\/drappi-oro-seta\/"]}]},{"@type":"ImageObject","inLanguage":"en-US","@id":"https:\/\/www.museodeltessuto.it\/mostre\/drappi-oro-seta\/#primaryimage","url":"https:\/\/www.museodeltessuto.it\/wp-content\/uploads\/2021\/08\/drappi1.jpg","contentUrl":"https:\/\/www.museodeltessuto.it\/wp-content\/uploads\/2021\/08\/drappi1.jpg","width":940,"height":473},{"@type":"BreadcrumbList","@id":"https:\/\/www.museodeltessuto.it\/mostre\/drappi-oro-seta\/#breadcrumb","itemListElement":[{"@type":"ListItem","position":1,"name":"Home","item":"https:\/\/www.museodeltessuto.it\/en\/"},{"@type":"ListItem","position":2,"name":"Exhibitions","item":"https:\/\/www.museodeltessuto.it\/en\/exhibitions\/"},{"@type":"ListItem","position":3,"name":"Cloths of gold and silk. Textiles for the Renaissance courts of Europe."}]},{"@type":"WebSite","@id":"https:\/\/www.museodeltessuto.it\/#website","url":"https:\/\/www.museodeltessuto.it\/","name":"Museo del Tessuto","description":"Prato e la tradizione tessile","potentialAction":[{"@type":"SearchAction","target":{"@type":"EntryPoint","urlTemplate":"https:\/\/www.museodeltessuto.it\/?s={search_term_string}"},"query-input":{"@type":"PropertyValueSpecification","valueRequired":true,"valueName":"search_term_string"}}],"inLanguage":"en-US"}]}},"_links":{"self":[{"href":"https:\/\/www.museodeltessuto.it\/en\/wp-json\/wp\/v2\/pages\/85430","targetHints":{"allow":["GET"]}}],"collection":[{"href":"https:\/\/www.museodeltessuto.it\/en\/wp-json\/wp\/v2\/pages"}],"about":[{"href":"https:\/\/www.museodeltessuto.it\/en\/wp-json\/wp\/v2\/types\/page"}],"author":[{"embeddable":true,"href":"https:\/\/www.museodeltessuto.it\/en\/wp-json\/wp\/v2\/users\/2"}],"replies":[{"embeddable":true,"href":"https:\/\/www.museodeltessuto.it\/en\/wp-json\/wp\/v2\/comments?post=85430"}],"version-history":[{"count":5,"href":"https:\/\/www.museodeltessuto.it\/en\/wp-json\/wp\/v2\/pages\/85430\/revisions"}],"predecessor-version":[{"id":86665,"href":"https:\/\/www.museodeltessuto.it\/en\/wp-json\/wp\/v2\/pages\/85430\/revisions\/86665"}],"up":[{"embeddable":true,"href":"https:\/\/www.museodeltessuto.it\/en\/wp-json\/wp\/v2\/pages\/86531"}],"wp:featuredmedia":[{"embeddable":true,"href":"https:\/\/www.museodeltessuto.it\/en\/wp-json\/wp\/v2\/media\/84791"}],"wp:attachment":[{"href":"https:\/\/www.museodeltessuto.it\/en\/wp-json\/wp\/v2\/media?parent=85430"}],"curies":[{"name":"wp","href":"https:\/\/api.w.org\/{rel}","templated":true}]}}